{"id":7,"date":"2020-05-11T09:01:15","date_gmt":"2020-05-11T07:01:15","guid":{"rendered":"https:\/\/boiliemaschine.de\/en\/revocation\/"},"modified":"2024-01-20T20:59:56","modified_gmt":"2024-01-20T19:59:56","slug":"revocation","status":"publish","type":"page","link":"https:\/\/boiliemaschine.de\/en\/revocation\/","title":{"rendered":"Power of Revocation"},"content":{"rendered":"\n<figure class=\"wp-block-table\"><table><tbody><tr><td><strong>Widerrufsrecht<\/strong><\/td><\/tr><tr><td>Sie haben das Recht ohne Angabe von Gr\u00fcnden Ihre Bestellung zu widerrufen.<\/td><\/tr><tr><td>Die Widerrufsfrist betr\u00e4gt vierzehn Tage ab dem Tag des Auftragseingangs (Bestellungseingang bei uns)&nbsp;.<\/td><\/tr><tr><td>Um Ihr Widerrufsrecht auszu\u00fcben, ist es erforderlich, dass Sie uns (&nbsp;Fa Boilie-Benz, Am Kreuzberg 23, 85135 Titting&nbsp;&nbsp;) mittels einer eindeutigen Erkl\u00e4rung (z. B. ein mit der Post versandter Brief oder \u00e4hnliches) \u00fcber Ihren Entschluss diesen Vertrag zu widerrufen informieren.<\/td><\/tr><tr><td>Als Wahrung der Widerrufsfrist gilt der Eingang der Mitteilung bei uns.<\/td><\/tr><tr><td><strong>Einschr\u00e4nkung<\/strong><\/td><\/tr><tr><td>Nach Jeder Bestellung erhalten unsere Kunden von uns eine Auftragsbest\u00e4tigung \u00fcber die bestellten Waren. Es gelten danach unsere Allgemeinen Gesch\u00e4ftsbedingungen (s. Rubrik AGBs). Bez\u00fcglich eines R\u00fccktritts von einer Bestellung gilt hier im Besonderen: Wir beginnen mit dem Bau der Bestellungen immer unmittelbar nach Auftrags- und Zahlungseingang. Sollten wir bei Eingang des Widerrufs bereits mit dem Bau von Ger\u00e4ten begonnen haben ist ein Widerruf nicht mehr m\u00f6glich. Bei unseren Ger\u00e4ten handelt es sich um handgebaute Maschinen, die stets nach der Bestellung jedes K\u00e4ufers fertig gebaut\/getestet und versendet werden. Eine R\u00fcckgabe ist daher generell nur mit <strong>ausdr\u00fccklicher Zustimmung des Verk\u00e4ufers<\/strong> m\u00f6glich. Bereits verpackte\/versandte und insbesondere bereits benutzte Waren w\u00fcrden bei R\u00fcckgaben neben einem erheblichen Zeitaufwand insbesondere auch einen erheblichen Wertverlust f\u00fcr den Hersteller verursachen. F\u00fcr eine R\u00fccknahme gilt deshalb das oben genannte (s.o., Zustimmung des Verk\u00e4ufers ist n\u00f6tig). Bereits angefallene bzw. dann anfallende R\u00fccktransport- und Verpackungskosten sowie evtl. Mehraufwendungen f\u00fcr den Verk\u00e4ufer sind in jedem Fall vom K\u00e4ufer zu tragen.<\/td><\/tr><\/tbody><\/table><\/figure>\n","protected":false},"excerpt":{"rendered":"<p>Widerrufsrecht Sie haben das Recht ohne Angabe von Gr\u00fcnden Ihre Bestellung zu widerrufen. Die Widerrufsfrist betr\u00e4gt vierzehn Tage ab dem Tag des Auftragseingangs (Bestellungseingang bei uns)&nbsp;. Um Ihr Widerrufsrecht auszu\u00fcben, ist es erforderlich, dass Sie uns (&nbsp;Fa Boilie-Benz, Am Kreuzberg 23, 85135 Titting&nbsp;&nbsp;) mittels einer eindeutigen Erkl\u00e4rung (z. B. ein mit der Post versandter Brief [&hellip;]<\/p>\n","protected":false},"author":1,"featured_media":0,"parent":0,"menu_order":97,"comment_status":"closed","ping_status":"closed","template":"","meta":{"zakra_page_container_layout":"customizer","zakra_page_sidebar_layout":"customizer","zakra_remove_content_margin":false,"zakra_sidebar":"customizer","zakra_transparent_header":"customizer","zakra_logo":0,"zakra_main_header_style":"default","zakra_menu_item_color":"","zakra_menu_item_hover_color":"","zakra_menu_item_active_color":"","zakra_menu_active_style":"","zakra_page_header":true,"footnotes":""},"class_list":["post-7","page","type-page","status-publish","hentry"],"_links":{"self":[{"href":"https:\/\/boiliemaschine.de\/en\/wp-json\/wp\/v2\/pages\/7","targetHints":{"allow":["GET"]}}],"collection":[{"href":"https:\/\/boiliemaschine.de\/en\/wp-json\/wp\/v2\/pages"}],"about":[{"href":"https:\/\/boiliemaschine.de\/en\/wp-json\/wp\/v2\/types\/page"}],"author":[{"embeddable":true,"href":"https:\/\/boiliemaschine.de\/en\/wp-json\/wp\/v2\/users\/1"}],"replies":[{"embeddable":true,"href":"https:\/\/boiliemaschine.de\/en\/wp-json\/wp\/v2\/comments?post=7"}],"version-history":[{"count":5,"href":"https:\/\/boiliemaschine.de\/en\/wp-json\/wp\/v2\/pages\/7\/revisions"}],"predecessor-version":[{"id":697,"href":"https:\/\/boiliemaschine.de\/en\/wp-json\/wp\/v2\/pages\/7\/revisions\/697"}],"wp:attachment":[{"href":"https:\/\/boiliemaschine.de\/en\/wp-json\/wp\/v2\/media?parent=7"}],"curies":[{"name":"wp","href":"https:\/\/api.w.org\/{rel}","templated":true}]}}